{"id":1180,"date":"2023-12-19T12:10:54","date_gmt":"2023-12-19T12:10:54","guid":{"rendered":"https:\/\/ofycumi.com\/?page_id=1180"},"modified":"2026-02-02T08:59:43","modified_gmt":"2026-02-02T08:59:43","slug":"documentos-varios","status":"publish","type":"page","link":"https:\/\/ofycumi.com\/index.php\/documentos-varios\/","title":{"rendered":"Documentos varios"},"content":{"rendered":"\t\t<div data-elementor-type=\"wp-page\" data-elementor-id=\"1180\" class=\"elementor elementor-1180\">\n\t\t\t\t\t\t\t<div class=\"elementor-element elementor-element-592281d e-flex e-con-boxed e-con e-parent\" data-id=\"592281d\" data-element_type=\"container\" data-settings=\"{&quot;content_width&quot;:&quot;boxed&quot;}\" data-core-v316-plus=\"true\">\n\t\t\t\t\t<div class=\"e-con-inner\">\n\t\t<div class=\"elementor-element elementor-element-78c385e e-con-full e-flex e-con e-child\" data-id=\"78c385e\" data-element_type=\"container\" data-settings=\"{&quot;content_width&quot;:&quot;full&quot;}\">\n\t\t\t\t<div class=\"elementor-element elementor-element-cc657af elementor-widget__width-initial elementor-position-top elementor-widget elementor-widget-image-box\" data-id=\"cc657af\" data-element_type=\"widget\" data-widget_type=\"image-box.default\">\n\t\t\t\t<div class=\"elementor-widget-container\">\n\t\t\t<style>\/*! elementor - v3.16.0 - 20-09-2023 *\/\n.elementor-widget-image-box .elementor-image-box-content{width:100%}@media (min-width:768px){.elementor-widget-image-box.elementor-position-left .elementor-image-box-wrapper,.elementor-widget-image-box.elementor-position-right .elementor-image-box-wrapper{display:flex}.elementor-widget-image-box.elementor-position-right .elementor-image-box-wrapper{text-align:right;flex-direction:row-reverse}.elementor-widget-image-box.elementor-position-left .elementor-image-box-wrapper{text-align:left;flex-direction:row}.elementor-widget-image-box.elementor-position-top .elementor-image-box-img{margin:auto}.elementor-widget-image-box.elementor-vertical-align-top .elementor-image-box-wrapper{align-items:flex-start}.elementor-widget-image-box.elementor-vertical-align-middle .elementor-image-box-wrapper{align-items:center}.elementor-widget-image-box.elementor-vertical-align-bottom .elementor-image-box-wrapper{align-items:flex-end}}@media (max-width:767px){.elementor-widget-image-box .elementor-image-box-img{margin-left:auto!important;margin-right:auto!important;margin-bottom:15px}}.elementor-widget-image-box .elementor-image-box-img{display:inline-block}.elementor-widget-image-box .elementor-image-box-title a{color:inherit}.elementor-widget-image-box .elementor-image-box-wrapper{text-align:center}.elementor-widget-image-box .elementor-image-box-description{margin:0}<\/style><div class=\"elementor-image-box-wrapper\"><figure class=\"elementor-image-box-img\"><a href=\"https:\/\/ofycumi.com\/wp-content\/uploads\/2025\/02\/INFORME-INTERMEDIO-2024-OFYCUMI.pdf\" tabindex=\"-1\"><img loading=\"lazy\" decoding=\"async\" width=\"1130\" height=\"911\" src=\"https:\/\/ofycumi.com\/wp-content\/uploads\/2025\/02\/Captura-de-pantalla-2025-02-07-090845.png\" class=\"attachment-full size-full wp-image-1862\" alt=\"\" srcset=\"https:\/\/ofycumi.com\/wp-content\/uploads\/2025\/02\/Captura-de-pantalla-2025-02-07-090845.png 1130w, https:\/\/ofycumi.com\/wp-content\/uploads\/2025\/02\/Captura-de-pantalla-2025-02-07-090845-300x242.png 300w, https:\/\/ofycumi.com\/wp-content\/uploads\/2025\/02\/Captura-de-pantalla-2025-02-07-090845-1024x826.png 1024w, https:\/\/ofycumi.com\/wp-content\/uploads\/2025\/02\/Captura-de-pantalla-2025-02-07-090845-768x619.png 768w\" sizes=\"auto, (max-width: 1130px) 100vw, 1130px\" \/><\/a><\/figure><div class=\"elementor-image-box-content\"><h3 class=\"elementor-image-box-title\"><a href=\"https:\/\/ofycumi.com\/wp-content\/uploads\/2025\/02\/INFORME-INTERMEDIO-2024-OFYCUMI.pdf\">INFORME DE EJECUCI\u00d3N 2024<\/a><\/h3><\/div><\/div>\t\t<\/div>\n\t\t\t\t<\/div>\n\t\t\t\t<div class=\"elementor-element elementor-element-f382c10 elementor-widget__width-initial elementor-position-top elementor-widget elementor-widget-image-box\" data-id=\"f382c10\" data-element_type=\"widget\" data-widget_type=\"image-box.default\">\n\t\t\t\t<div class=\"elementor-widget-container\">\n\t\t\t<div class=\"elementor-image-box-wrapper\"><figure class=\"elementor-image-box-img\"><a href=\"https:\/\/ofycumi.com\/wp-content\/uploads\/2026\/02\/INFORME-INTERMEDIO-ANUAL-2025.pdf\" tabindex=\"-1\"><img loading=\"lazy\" decoding=\"async\" width=\"586\" height=\"784\" src=\"https:\/\/ofycumi.com\/wp-content\/uploads\/2026\/02\/Informe-intermedio-2025.png\" class=\"attachment-full size-full wp-image-2064\" alt=\"\" srcset=\"https:\/\/ofycumi.com\/wp-content\/uploads\/2026\/02\/Informe-intermedio-2025.png 586w, https:\/\/ofycumi.com\/wp-content\/uploads\/2026\/02\/Informe-intermedio-2025-224x300.png 224w\" sizes=\"auto, (max-width: 586px) 100vw, 586px\" \/><\/a><\/figure><div class=\"elementor-image-box-content\"><h3 class=\"elementor-image-box-title\"><a href=\"https:\/\/ofycumi.com\/wp-content\/uploads\/2026\/02\/INFORME-INTERMEDIO-ANUAL-2025.pdf\">INFORME DE EJECUCI\u00d3N 2025<\/a><\/h3><\/div><\/div>\t\t<\/div>\n\t\t\t\t<\/div>\n\t\t\t\t<\/div>\n\t\t<div class=\"elementor-element elementor-element-94fbeb1 e-con-full e-flex e-con e-child\" data-id=\"94fbeb1\" data-element_type=\"container\" data-settings=\"{&quot;content_width&quot;:&quot;full&quot;}\">\n\t\t<div class=\"elementor-element elementor-element-240d9e3 e-con-full e-flex e-con e-child\" data-id=\"240d9e3\" data-element_type=\"container\" data-settings=\"{&quot;content_width&quot;:&quot;full&quot;}\">\n\t\t\t\t<div class=\"elementor-element elementor-element-a8c96c8 elementor-widget elementor-widget-image\" data-id=\"a8c96c8\" data-element_type=\"widget\" data-widget_type=\"image.default\">\n\t\t\t\t<div class=\"elementor-widget-container\">\n\t\t\t<style>\/*! elementor - v3.16.0 - 20-09-2023 *\/\n.elementor-widget-image{text-align:center}.elementor-widget-image a{display:inline-block}.elementor-widget-image a img[src$=\".svg\"]{width:48px}.elementor-widget-image img{vertical-align:middle;display:inline-block}<\/style>\t\t\t\t\t\t\t\t\t\t\t\t\t<a href=\"https:\/\/ofycumi.com\/wp-content\/uploads\/2023\/12\/PLAN-DE-IGUALDAD.png\" data-elementor-open-lightbox=\"yes\" data-elementor-lightbox-title=\"PLAN DE IGUALDAD\" data-e-action-hash=\"#elementor-action%3Aaction%3Dlightbox%26settings%3DeyJpZCI6MTE4MywidXJsIjoiaHR0cHM6XC9cL29meWN1bWkuY29tXC93cC1jb250ZW50XC91cGxvYWRzXC8yMDIzXC8xMlwvUExBTi1ERS1JR1VBTERBRC5wbmcifQ%3D%3D\">\n\t\t\t\t\t\t\t<img loading=\"lazy\" decoding=\"async\" width=\"288\" height=\"300\" src=\"https:\/\/ofycumi.com\/wp-content\/uploads\/2023\/12\/PLAN-DE-IGUALDAD-288x300.png\" class=\"attachment-medium size-medium wp-image-1183\" alt=\"\" srcset=\"https:\/\/ofycumi.com\/wp-content\/uploads\/2023\/12\/PLAN-DE-IGUALDAD-288x300.png 288w, https:\/\/ofycumi.com\/wp-content\/uploads\/2023\/12\/PLAN-DE-IGUALDAD-768x799.png 768w, https:\/\/ofycumi.com\/wp-content\/uploads\/2023\/12\/PLAN-DE-IGUALDAD.png 909w\" sizes=\"auto, (max-width: 288px) 100vw, 288px\" \/>\t\t\t\t\t\t\t\t<\/a>\n\t\t\t\t\t\t\t\t\t\t\t\t\t\t\t<\/div>\n\t\t\t\t<\/div>\n\t\t\t\t<div class=\"elementor-element elementor-element-fa653a9 elementor-widget elementor-widget-text-editor\" data-id=\"fa653a9\" data-element_type=\"widget\" data-widget_type=\"text-editor.default\">\n\t\t\t\t<div class=\"elementor-widget-container\">\n\t\t\t<style>\/*! elementor - v3.16.0 - 20-09-2023 *\/\n.elementor-widget-text-editor.elementor-drop-cap-view-stacked .elementor-drop-cap{background-color:#69727d;color:#fff}.elementor-widget-text-editor.elementor-drop-cap-view-framed .elementor-drop-cap{color:#69727d;border:3px solid;background-color:transparent}.elementor-widget-text-editor:not(.elementor-drop-cap-view-default) .elementor-drop-cap{margin-top:8px}.elementor-widget-text-editor:not(.elementor-drop-cap-view-default) .elementor-drop-cap-letter{width:1em;height:1em}.elementor-widget-text-editor .elementor-drop-cap{float:left;text-align:center;line-height:1;font-size:50px}.elementor-widget-text-editor .elementor-drop-cap-letter{display:inline-block}<\/style>\t\t\t\t<h2 style=\"text-align: center;\"><strong><a href=\"https:\/\/ofycumi.com\/wp-content\/uploads\/2023\/12\/PLAN-IGUALDAD-OFYCUMI-2024.pdf\">PLAN IGUALDAD OFYCUMI <\/a><\/strong><\/h2>\t\t\t\t\t\t<\/div>\n\t\t\t\t<\/div>\n\t\t\t\t<\/div>\n\t\t\t\t<\/div>\n\t\t<div class=\"elementor-element elementor-element-705861b e-con-full e-flex e-con e-child\" data-id=\"705861b\" data-element_type=\"container\" data-settings=\"{&quot;content_width&quot;:&quot;full&quot;}\">\n\t\t<div class=\"elementor-element elementor-element-3d4ca28 e-con-full e-flex e-con e-child\" data-id=\"3d4ca28\" data-element_type=\"container\" data-settings=\"{&quot;content_width&quot;:&quot;full&quot;}\">\n\t\t\t\t<div class=\"elementor-element elementor-element-05840dc elementor-widget elementor-widget-image\" data-id=\"05840dc\" data-element_type=\"widget\" data-widget_type=\"image.default\">\n\t\t\t\t<div class=\"elementor-widget-container\">\n\t\t\t\t\t\t\t\t\t\t\t\t\t\t\t<img loading=\"lazy\" decoding=\"async\" width=\"789\" height=\"666\" src=\"https:\/\/ofycumi.com\/wp-content\/uploads\/2024\/01\/SALARIOS.png\" class=\"attachment-large size-large wp-image-1299\" alt=\"\" srcset=\"https:\/\/ofycumi.com\/wp-content\/uploads\/2024\/01\/SALARIOS.png 789w, https:\/\/ofycumi.com\/wp-content\/uploads\/2024\/01\/SALARIOS-300x253.png 300w, https:\/\/ofycumi.com\/wp-content\/uploads\/2024\/01\/SALARIOS-768x648.png 768w\" sizes=\"auto, (max-width: 789px) 100vw, 789px\" \/>\t\t\t\t\t\t\t\t\t\t\t\t\t\t\t<\/div>\n\t\t\t\t<\/div>\n\t\t\t\t<div class=\"elementor-element elementor-element-a42e773 elementor-widget__width-initial elementor-widget elementor-widget-text-editor\" data-id=\"a42e773\" data-element_type=\"widget\" data-widget_type=\"text-editor.default\">\n\t\t\t\t<div class=\"elementor-widget-container\">\n\t\t\t\t\t\t\t<h2 style=\"text-align: center;\"><strong><a href=\"https:\/\/ofycumi.com\/wp-content\/uploads\/2024\/01\/RETRIBUCION-ALTOS-CARGOS-DE-LA-ASOCIACION-2023.pdf\">RETRIBUCI\u00d3N ALTOS CARGOS DE LA ASOCIACI\u00d3N 2023<\/a><\/strong><\/h2>\t\t\t\t\t\t<\/div>\n\t\t\t\t<\/div>\n\t\t\t\t<\/div>\n\t\t\t\t<\/div>\n\t\t\t\t\t<\/div>\n\t\t\t\t<\/div>\n\t\t\t\t\t\t\t<\/div>\n\t\t","protected":false},"excerpt":{"rendered":"<p>INFORME DE EJECUCI\u00d3N 2024 INFORME DE EJECUCI\u00d3N 2025 PLAN IGUALDAD OFYCUMI RETRIBUCI\u00d3N ALTOS CARGOS DE LA ASOCIACI\u00d3N 2023<\/p>\n","protected":false},"author":2,"featured_media":0,"parent":0,"menu_order":0,"comment_status":"closed","ping_status":"closed","template":"","meta":{"footnotes":""},"class_list":["post-1180","page","type-page","status-publish","hentry"],"_links":{"self":[{"href":"https:\/\/ofycumi.com\/index.php\/wp-json\/wp\/v2\/pages\/1180","targetHints":{"allow":["GET"]}}],"collection":[{"href":"https:\/\/ofycumi.com\/index.php\/wp-json\/wp\/v2\/pages"}],"about":[{"href":"https:\/\/ofycumi.com\/index.php\/wp-json\/wp\/v2\/types\/page"}],"author":[{"embeddable":true,"href":"https:\/\/ofycumi.com\/index.php\/wp-json\/wp\/v2\/users\/2"}],"replies":[{"embeddable":true,"href":"https:\/\/ofycumi.com\/index.php\/wp-json\/wp\/v2\/comments?post=1180"}],"version-history":[{"count":25,"href":"https:\/\/ofycumi.com\/index.php\/wp-json\/wp\/v2\/pages\/1180\/revisions"}],"predecessor-version":[{"id":2068,"href":"https:\/\/ofycumi.com\/index.php\/wp-json\/wp\/v2\/pages\/1180\/revisions\/2068"}],"wp:attachment":[{"href":"https:\/\/ofycumi.com\/index.php\/wp-json\/wp\/v2\/media?parent=1180"}],"curies":[{"name":"wp","href":"https:\/\/api.w.org\/{rel}","templated":true}]}}