{"id":29,"date":"2023-09-28T16:07:49","date_gmt":"2023-09-28T16:07:49","guid":{"rendered":"https:\/\/ofycumi.com\/?page_id=29"},"modified":"2023-11-09T07:27:19","modified_gmt":"2023-11-09T07:27:19","slug":"perfil-del-contratante","status":"publish","type":"page","link":"https:\/\/ofycumi.com\/index.php\/perfil-del-contratante\/","title":{"rendered":"Perfil del contratante"},"content":{"rendered":"\t\t<div data-elementor-type=\"wp-page\" data-elementor-id=\"29\" class=\"elementor elementor-29\">\n\t\t\t\t\t\t\t<div class=\"elementor-element elementor-element-677276ec e-flex e-con-boxed e-con e-parent\" data-id=\"677276ec\" data-element_type=\"container\" data-settings=\"{&quot;background_background&quot;:&quot;classic&quot;,&quot;content_width&quot;:&quot;boxed&quot;}\" data-core-v316-plus=\"true\">\n\t\t\t\t\t<div class=\"e-con-inner\">\n\t\t<div class=\"elementor-element elementor-element-38abb1b8 e-con-full e-flex e-con e-child\" data-id=\"38abb1b8\" data-element_type=\"container\" data-settings=\"{&quot;content_width&quot;:&quot;full&quot;}\">\n\t\t\t\t<div class=\"elementor-element elementor-element-3249cf46 elementor-headline--style-highlight elementor-widget elementor-widget-animated-headline\" data-id=\"3249cf46\" data-element_type=\"widget\" data-settings=\"{&quot;highlighted_text&quot;:&quot;contratante&quot;,&quot;headline_style&quot;:&quot;highlight&quot;,&quot;marker&quot;:&quot;circle&quot;,&quot;loop&quot;:&quot;yes&quot;,&quot;highlight_animation_duration&quot;:1200,&quot;highlight_iteration_delay&quot;:8000}\" data-widget_type=\"animated-headline.default\">\n\t\t\t\t<div class=\"elementor-widget-container\">\n\t\t\t<link rel=\"stylesheet\" href=\"https:\/\/ofycumi.com\/wp-content\/plugins\/elementor-pro\/assets\/css\/widget-animated-headline.min.css\">\t\t<h3 class=\"elementor-headline\">\n\t\t\t\t\t<span class=\"elementor-headline-plain-text elementor-headline-text-wrapper\">Perfil del<\/span>\n\t\t\t\t<span class=\"elementor-headline-dynamic-wrapper elementor-headline-text-wrapper\">\n\t\t\t\t\t<span class=\"elementor-headline-dynamic-text elementor-headline-text-active\">contratante<\/span>\n\t\t\t\t<\/span>\n\t\t\t\t<\/h3>\n\t\t\t\t<\/div>\n\t\t\t\t<\/div>\n\t\t\t\t<\/div>\n\t\t\t\t\t<\/div>\n\t\t\t\t<\/div>\n\t\t<div class=\"elementor-element elementor-element-86a6680 e-flex e-con-boxed e-con e-parent\" data-id=\"86a6680\" data-element_type=\"container\" data-settings=\"{&quot;content_width&quot;:&quot;boxed&quot;}\" data-core-v316-plus=\"true\">\n\t\t\t\t\t<div class=\"e-con-inner\">\n\t\t\t\t<div class=\"elementor-element elementor-element-cf24868 elementor-widget elementor-widget-spacer\" data-id=\"cf24868\" data-element_type=\"widget\" data-widget_type=\"spacer.default\">\n\t\t\t\t<div class=\"elementor-widget-container\">\n\t\t\t<style>\/*! elementor - v3.16.0 - 20-09-2023 *\/\n.elementor-column .elementor-spacer-inner{height:var(--spacer-size)}.e-con{--container-widget-width:100%}.e-con-inner>.elementor-widget-spacer,.e-con>.elementor-widget-spacer{width:var(--container-widget-width,var(--spacer-size));--align-self:var(--container-widget-align-self,initial);--flex-shrink:0}.e-con-inner>.elementor-widget-spacer>.elementor-widget-container,.e-con>.elementor-widget-spacer>.elementor-widget-container{height:100%;width:100%}.e-con-inner>.elementor-widget-spacer>.elementor-widget-container>.elementor-spacer,.e-con>.elementor-widget-spacer>.elementor-widget-container>.elementor-spacer{height:100%}.e-con-inner>.elementor-widget-spacer>.elementor-widget-container>.elementor-spacer>.elementor-spacer-inner,.e-con>.elementor-widget-spacer>.elementor-widget-container>.elementor-spacer>.elementor-spacer-inner{height:var(--container-widget-height,var(--spacer-size))}.e-con-inner>.elementor-widget-spacer.elementor-widget-empty,.e-con>.elementor-widget-spacer.elementor-widget-empty{position:relative;min-height:22px;min-width:22px}.e-con-inner>.elementor-widget-spacer.elementor-widget-empty .elementor-widget-empty-icon,.e-con>.elementor-widget-spacer.elementor-widget-empty .elementor-widget-empty-icon{position:absolute;top:0;bottom:0;left:0;right:0;margin:auto;padding:0;width:22px;height:22px}<\/style>\t\t<div class=\"elementor-spacer\">\n\t\t\t<div class=\"elementor-spacer-inner\"><\/div>\n\t\t<\/div>\n\t\t\t\t<\/div>\n\t\t\t\t<\/div>\n\t\t\t\t\t<\/div>\n\t\t\t\t<\/div>\n\t\t<div class=\"elementor-element elementor-element-e8605e7 e-flex e-con-boxed e-con e-parent\" data-id=\"e8605e7\" data-element_type=\"container\" data-settings=\"{&quot;content_width&quot;:&quot;boxed&quot;}\" data-core-v316-plus=\"true\">\n\t\t\t\t\t<div class=\"e-con-inner\">\n\t\t\t\t<div class=\"elementor-element elementor-element-0ce290e elementor-widget elementor-widget-text-editor\" data-id=\"0ce290e\" data-element_type=\"widget\" data-widget_type=\"text-editor.default\">\n\t\t\t\t<div class=\"elementor-widget-container\">\n\t\t\t<style>\/*! elementor - v3.16.0 - 20-09-2023 *\/\n.elementor-widget-text-editor.elementor-drop-cap-view-stacked .elementor-drop-cap{background-color:#69727d;color:#fff}.elementor-widget-text-editor.elementor-drop-cap-view-framed .elementor-drop-cap{color:#69727d;border:3px solid;background-color:transparent}.elementor-widget-text-editor:not(.elementor-drop-cap-view-default) .elementor-drop-cap{margin-top:8px}.elementor-widget-text-editor:not(.elementor-drop-cap-view-default) .elementor-drop-cap-letter{width:1em;height:1em}.elementor-widget-text-editor .elementor-drop-cap{float:left;text-align:center;line-height:1;font-size:50px}.elementor-widget-text-editor .elementor-drop-cap-letter{display:inline-block}<\/style>\t\t\t\t<h3>Presentaci\u00f3n<\/h3><p>\u00a0<\/p><p class=\"rtejustify\"><strong>Contrataci\u00f3n<\/strong>.<br \/>El Perfil del Contratante de OFYCUMI es la plataforma electr\u00f3nica a trav\u00e9s de la cual se publican y difunden cualesquiera datos e informaciones relativos a la actividad contractual de la Asociaci\u00f3n OFYCUMI. La Asociaci\u00f3n de Desarrollo difunde a trav\u00e9s de la Plataforma de Contratos la informaci\u00f3n relativa a los anuncios, adjudicaciones y formalizaciones, tramitados en los procedimientos de adjudicaci\u00f3n de contratos convocados por la entidad.<\/p><p class=\"rtejustify\"><strong>Presentaci\u00f3n<\/strong><\/p><p class=\"rtejustify\">OFYCUMI<br \/>Asociaci\u00f3n Oficina de Fomento y Desarrollo de las Cuencas Mineras (OFYCUMI), es una Asociaci\u00f3n sin \u00e1nimo de lucro cuyo objetivo principal es el desarrollo econ\u00f3mico y social de estos territorios, adem\u00e1s de participar en diferentes proyectos de cooperaci\u00f3n interterritoriales y coordinar tambi\u00e9n este tipo de proyectos a nivel de Arag\u00f3n.<br \/>Para ello realiza diferente tipo de proyectos en los cuales a veces necesita realizar contrataciones con terceros.<\/p><p>\u00a0<\/p><p><strong>Datos Generales de la Entidad<\/strong><\/p><p class=\"rtejustify\">Organizaci\u00f3n Contratante: Grupo de Acci\u00f3n Local<\/p><p class=\"rtejustify\">\u00d3rgano de Contrataci\u00f3n: Asociaci\u00f3n Oficina de Fomento y Desarrollo de las Cuencas Mineras (OFYCUMI)<br \/>NIF: G-44186914<\/p><p class=\"rtejustify\">Direcci\u00f3n del Site del \u00d3rgano:\u00a0<a href=\"http:\/\/www.ofycumi.com\/\" target=\"_blank\" rel=\"noopener noreferrer\">http:\/\/www.ofycumi.com\/<\/a><\/p><p class=\"rtejustify\">Enlace directo v\u00eda hiperenlace:\u00a0<a href=\"http:\/\/www.ofycumi.com\/perfil-del-contratante\/\" target=\"_blank\" rel=\"noopener noreferrer\">http:\/\/www.ofycumi.com\/perfil-del-contratante\/<\/a><\/p><p class=\"rtejustify\">Actividad\u00a0\u00a0 Servicios de Car\u00e1cter General, Asociaci\u00f3n sin \u00e1nimo de lucro<\/p><p class=\"rtejustify\">Direcci\u00f3n Postal: Sede de Comarca Cuencas Mineras. C\/ Constituci\u00f3n, s\/n 44760 Utrillas (Teruel)<\/p><p class=\"rtejustify\">Contacto del Perfil del Contratante:<br \/>Tel\u00e9fono: 978 757 740<br \/>Email: ofycumi@ofycumi.es<\/p><p><strong>PROYECTO TIERRA MINERA<\/strong><\/p><p><a href=\"http:\/\/www.ofycumi.com\/wp-content\/uploads\/2022\/04\/PLIEGO-CONTRATACION-APPWEB.pdf\">PLIEGO CONTRATACION APPWEB<\/a><\/p><p><a href=\"http:\/\/www.ofycumi.com\/wp-content\/uploads\/2022\/04\/BASES-DE-CONTRATACI%C3%93N-MATERIAL-DE-DIFUSI%C3%93N.pdf\">BASES DE CONTRATACI\u00d3N MATERIAL DE DIFUSI\u00d3N<\/a><\/p><p><a href=\"http:\/\/www.ofycumi.com\/wp-content\/uploads\/2022\/06\/Mesa-de-contrataci%C3%B3n-L%C3%8DNEA-ESTRAT%C3%89GICA.pdf\">Mesa de contrataci\u00f3n L\u00cdNEA ESTRAT\u00c9GICA<\/a><\/p><p><a href=\"http:\/\/www.ofycumi.com\/wp-content\/uploads\/2022\/07\/Resoluci%C3%B3n-de-adjuducaci%C3%B3n.pdf\">Resoluci\u00f3n de adjuducaci\u00f3n del proyecto para la elabroaci\u00f3n de la App- Web \u00abTierra Minera\u00bb<\/a><\/p>\t\t\t\t\t\t<\/div>\n\t\t\t\t<\/div>\n\t\t\t\t\t<\/div>\n\t\t\t\t<\/div>\n\t\t\t\t\t\t\t<\/div>\n\t\t","protected":false},"excerpt":{"rendered":"<p>Perfil del contratante Presentaci\u00f3n \u00a0 Contrataci\u00f3n.El Perfil del Contratante de OFYCUMI es la plataforma electr\u00f3nica a trav\u00e9s de la cual se publican y difunden cualesquiera datos e informaciones relativos a la actividad contractual de la Asociaci\u00f3n OFYCUMI. La Asociaci\u00f3n de Desarrollo difunde a trav\u00e9s de la Plataforma de Contratos la informaci\u00f3n relativa a los anuncios, [&hellip;]<\/p>\n","protected":false},"author":1,"featured_media":0,"parent":0,"menu_order":0,"comment_status":"closed","ping_status":"closed","template":"","meta":{"footnotes":""},"class_list":["post-29","page","type-page","status-publish","hentry"],"_links":{"self":[{"href":"https:\/\/ofycumi.com\/index.php\/wp-json\/wp\/v2\/pages\/29","targetHints":{"allow":["GET"]}}],"collection":[{"href":"https:\/\/ofycumi.com\/index.php\/wp-json\/wp\/v2\/pages"}],"about":[{"href":"https:\/\/ofycumi.com\/index.php\/wp-json\/wp\/v2\/types\/page"}],"author":[{"embeddable":true,"href":"https:\/\/ofycumi.com\/index.php\/wp-json\/wp\/v2\/users\/1"}],"replies":[{"embeddable":true,"href":"https:\/\/ofycumi.com\/index.php\/wp-json\/wp\/v2\/comments?post=29"}],"version-history":[{"count":16,"href":"https:\/\/ofycumi.com\/index.php\/wp-json\/wp\/v2\/pages\/29\/revisions"}],"predecessor-version":[{"id":862,"href":"https:\/\/ofycumi.com\/index.php\/wp-json\/wp\/v2\/pages\/29\/revisions\/862"}],"wp:attachment":[{"href":"https:\/\/ofycumi.com\/index.php\/wp-json\/wp\/v2\/media?parent=29"}],"curies":[{"name":"wp","href":"https:\/\/api.w.org\/{rel}","templated":true}]}}