{"id":641,"date":"2023-10-31T13:14:04","date_gmt":"2023-10-31T13:14:04","guid":{"rendered":"https:\/\/ofycumi.com\/?page_id=641"},"modified":"2023-11-09T07:24:05","modified_gmt":"2023-11-09T07:24:05","slug":"pon-aragon-en-tumesa-el-pueblo-mealimenta","status":"publish","type":"page","link":"https:\/\/ofycumi.com\/index.php\/pon-aragon-en-tumesa-el-pueblo-mealimenta\/","title":{"rendered":"PON ARAG\u00d3N EN TUMESA\/ EL PUEBLO MEALIMENTA"},"content":{"rendered":"\t\t<div data-elementor-type=\"wp-page\" data-elementor-id=\"641\" class=\"elementor elementor-641\">\n\t\t\t\t\t\t\t<div class=\"elementor-element elementor-element-14526c10 e-flex e-con-boxed e-con e-parent\" data-id=\"14526c10\" data-element_type=\"container\" data-settings=\"{&quot;background_background&quot;:&quot;classic&quot;,&quot;content_width&quot;:&quot;boxed&quot;}\" data-core-v316-plus=\"true\">\n\t\t\t\t\t<div class=\"e-con-inner\">\n\t\t<div class=\"elementor-element elementor-element-10c2f6e1 e-con-full e-flex e-con e-child\" data-id=\"10c2f6e1\" data-element_type=\"container\" data-settings=\"{&quot;content_width&quot;:&quot;full&quot;}\">\n\t\t\t\t<div class=\"elementor-element elementor-element-375274c8 elementor-headline--style-highlight elementor-widget elementor-widget-animated-headline\" data-id=\"375274c8\" data-element_type=\"widget\" data-settings=\"{&quot;highlighted_text&quot;:&quot;en tu mesa&quot;,&quot;headline_style&quot;:&quot;highlight&quot;,&quot;marker&quot;:&quot;circle&quot;,&quot;loop&quot;:&quot;yes&quot;,&quot;highlight_animation_duration&quot;:1200,&quot;highlight_iteration_delay&quot;:8000}\" data-widget_type=\"animated-headline.default\">\n\t\t\t\t<div class=\"elementor-widget-container\">\n\t\t\t<link rel=\"stylesheet\" href=\"https:\/\/ofycumi.com\/wp-content\/plugins\/elementor-pro\/assets\/css\/widget-animated-headline.min.css\">\t\t<h3 class=\"elementor-headline\">\n\t\t\t\t\t<span class=\"elementor-headline-plain-text elementor-headline-text-wrapper\">Pon Arag\u00f3n<\/span>\n\t\t\t\t<span class=\"elementor-headline-dynamic-wrapper elementor-headline-text-wrapper\">\n\t\t\t\t\t<span class=\"elementor-headline-dynamic-text elementor-headline-text-active\">en tu mesa<\/span>\n\t\t\t\t<\/span>\n\t\t\t\t<\/h3>\n\t\t\t\t<\/div>\n\t\t\t\t<\/div>\n\t\t\t\t<\/div>\n\t\t\t\t\t<\/div>\n\t\t\t\t<\/div>\n\t\t<div class=\"elementor-element elementor-element-00339bb e-flex e-con-boxed e-con e-parent\" data-id=\"00339bb\" data-element_type=\"container\" data-settings=\"{&quot;content_width&quot;:&quot;boxed&quot;}\" data-core-v316-plus=\"true\">\n\t\t\t\t\t<div class=\"e-con-inner\">\n\t\t\t\t<div class=\"elementor-element elementor-element-495ac92 elementor-widget elementor-widget-text-editor\" data-id=\"495ac92\" data-element_type=\"widget\" data-widget_type=\"text-editor.default\">\n\t\t\t\t<div class=\"elementor-widget-container\">\n\t\t\t<style>\/*! elementor - v3.16.0 - 20-09-2023 *\/\n.elementor-widget-text-editor.elementor-drop-cap-view-stacked .elementor-drop-cap{background-color:#69727d;color:#fff}.elementor-widget-text-editor.elementor-drop-cap-view-framed .elementor-drop-cap{color:#69727d;border:3px solid;background-color:transparent}.elementor-widget-text-editor:not(.elementor-drop-cap-view-default) .elementor-drop-cap{margin-top:8px}.elementor-widget-text-editor:not(.elementor-drop-cap-view-default) .elementor-drop-cap-letter{width:1em;height:1em}.elementor-widget-text-editor .elementor-drop-cap{float:left;text-align:center;line-height:1;font-size:50px}.elementor-widget-text-editor .elementor-drop-cap-letter{display:inline-block}<\/style>\t\t\t\t<p><img loading=\"lazy\" decoding=\"async\" class=\"alignnone size-full wp-image-822\" src=\"https:\/\/ofycumi.com\/wp-content\/uploads\/2023\/11\/PAETM.png\" alt=\"\" width=\"150\" height=\"125\" \/><\/p><p>En la actualidad OFYCUMI, al igual que periodos anteriores, est\u00e1 colaborando en diversos proyectos de cooperaci\u00f3n, adem\u00e1s de ser Grupo Coordinador del proyecto Tierra Minera.<\/p><p>Estos proyectos son:<\/p><p>\u00a0<\/p><p><strong>\u00a0\u00a0\u00a0\u00a0\u00a0\u00a0\u00a0\u00a0\u00a0\u00a0\u00a0\u00a0\u00a0\u00a0\u00a0\u00a0\u00a0\u00a0\u00a0\u00a0\u00a0\u00a0\u00a0\u00a0\u00a0\u00a0\u00a0\u00a0\u00a0\u00a0\u00a0\u00a0\u00a0 PON ARAG\u00d3N EN TU MESA<\/strong>:\u00a0<strong><a href=\"https:\/\/ponaragonentumesa.com\/\">https:\/\/ponaragonentumesa.com\/<\/a><\/strong><\/p><p>\u00a0<\/p>\t\t\t\t\t\t<\/div>\n\t\t\t\t<\/div>\n\t\t\t\t\t<\/div>\n\t\t\t\t<\/div>\n\t\t\t\t\t\t\t<\/div>\n\t\t","protected":false},"excerpt":{"rendered":"<p>Pon Arag\u00f3n en tu mesa En la actualidad OFYCUMI, al igual que periodos anteriores, est\u00e1 colaborando en diversos proyectos de cooperaci\u00f3n, adem\u00e1s de ser Grupo Coordinador del proyecto Tierra Minera. Estos proyectos son: \u00a0 \u00a0\u00a0\u00a0\u00a0\u00a0\u00a0\u00a0\u00a0\u00a0\u00a0\u00a0\u00a0\u00a0\u00a0\u00a0\u00a0\u00a0\u00a0\u00a0\u00a0\u00a0\u00a0\u00a0\u00a0\u00a0\u00a0\u00a0\u00a0\u00a0\u00a0\u00a0\u00a0\u00a0 PON ARAG\u00d3N EN TU MESA:\u00a0https:\/\/ponaragonentumesa.com\/ \u00a0<\/p>\n","protected":false},"author":1,"featured_media":0,"parent":0,"menu_order":0,"comment_status":"closed","ping_status":"closed","template":"","meta":{"footnotes":""},"class_list":["post-641","page","type-page","status-publish","hentry"],"_links":{"self":[{"href":"https:\/\/ofycumi.com\/index.php\/wp-json\/wp\/v2\/pages\/641","targetHints":{"allow":["GET"]}}],"collection":[{"href":"https:\/\/ofycumi.com\/index.php\/wp-json\/wp\/v2\/pages"}],"about":[{"href":"https:\/\/ofycumi.com\/index.php\/wp-json\/wp\/v2\/types\/page"}],"author":[{"embeddable":true,"href":"https:\/\/ofycumi.com\/index.php\/wp-json\/wp\/v2\/users\/1"}],"replies":[{"embeddable":true,"href":"https:\/\/ofycumi.com\/index.php\/wp-json\/wp\/v2\/comments?post=641"}],"version-history":[{"count":7,"href":"https:\/\/ofycumi.com\/index.php\/wp-json\/wp\/v2\/pages\/641\/revisions"}],"predecessor-version":[{"id":839,"href":"https:\/\/ofycumi.com\/index.php\/wp-json\/wp\/v2\/pages\/641\/revisions\/839"}],"wp:attachment":[{"href":"https:\/\/ofycumi.com\/index.php\/wp-json\/wp\/v2\/media?parent=641"}],"curies":[{"name":"wp","href":"https:\/\/api.w.org\/{rel}","templated":true}]}}