{"id":669,"date":"2023-10-31T13:18:22","date_gmt":"2023-10-31T13:18:22","guid":{"rendered":"https:\/\/ofycumi.com\/?page_id=669"},"modified":"2024-07-25T10:40:55","modified_gmt":"2024-07-25T10:40:55","slug":"contratos","status":"publish","type":"page","link":"https:\/\/ofycumi.com\/index.php\/contratos\/","title":{"rendered":"CONTRATOS Y CONVENIOS"},"content":{"rendered":"\t\t<div data-elementor-type=\"wp-page\" data-elementor-id=\"669\" class=\"elementor elementor-669\">\n\t\t\t\t\t\t\t<div class=\"elementor-element elementor-element-cbe02d7 e-flex e-con-boxed e-con e-parent\" data-id=\"cbe02d7\" data-element_type=\"container\" data-settings=\"{&quot;content_width&quot;:&quot;boxed&quot;}\" data-core-v316-plus=\"true\">\n\t\t\t\t\t<div class=\"e-con-inner\">\n\t\t<div class=\"elementor-element elementor-element-c435f3f e-con-full e-flex e-con e-child\" data-id=\"c435f3f\" data-element_type=\"container\" data-settings=\"{&quot;content_width&quot;:&quot;full&quot;}\">\n\t\t\t\t<div class=\"elementor-element elementor-element-57e24af elementor-widget elementor-widget-image\" data-id=\"57e24af\" data-element_type=\"widget\" data-widget_type=\"image.default\">\n\t\t\t\t<div class=\"elementor-widget-container\">\n\t\t\t<style>\/*! elementor - v3.16.0 - 20-09-2023 *\/\n.elementor-widget-image{text-align:center}.elementor-widget-image a{display:inline-block}.elementor-widget-image a img[src$=\".svg\"]{width:48px}.elementor-widget-image img{vertical-align:middle;display:inline-block}<\/style>\t\t\t\t\t\t\t\t\t\t\t\t\t<a href=\"https:\/\/ofycumi.com\/wp-content\/uploads\/2024\/02\/pstd.jpg\" data-elementor-open-lightbox=\"yes\" data-elementor-lightbox-title=\"pstd\" data-e-action-hash=\"#elementor-action%3Aaction%3Dlightbox%26settings%3DeyJpZCI6MTMxNywidXJsIjoiaHR0cHM6XC9cL29meWN1bWkuY29tXC93cC1jb250ZW50XC91cGxvYWRzXC8yMDI0XC8wMlwvcHN0ZC5qcGcifQ%3D%3D\">\n\t\t\t\t\t\t\t<img loading=\"lazy\" decoding=\"async\" width=\"800\" height=\"797\" src=\"https:\/\/ofycumi.com\/wp-content\/uploads\/2024\/02\/pstd.jpg\" class=\"attachment-large size-large wp-image-1317\" alt=\"\" srcset=\"https:\/\/ofycumi.com\/wp-content\/uploads\/2024\/02\/pstd.jpg 912w, https:\/\/ofycumi.com\/wp-content\/uploads\/2024\/02\/pstd-300x300.jpg 300w, https:\/\/ofycumi.com\/wp-content\/uploads\/2024\/02\/pstd-150x150.jpg 150w, https:\/\/ofycumi.com\/wp-content\/uploads\/2024\/02\/pstd-768x765.jpg 768w\" sizes=\"auto, (max-width: 800px) 100vw, 800px\" \/>\t\t\t\t\t\t\t\t<\/a>\n\t\t\t\t\t\t\t\t\t\t\t\t\t\t\t<\/div>\n\t\t\t\t<\/div>\n\t\t<div class=\"elementor-element elementor-element-63ab1a1 e-flex e-con-boxed e-con e-child\" data-id=\"63ab1a1\" data-element_type=\"container\" data-settings=\"{&quot;content_width&quot;:&quot;boxed&quot;}\">\n\t\t\t\t\t<div class=\"e-con-inner\">\n\t\t\t\t<div class=\"elementor-element elementor-element-ed3751a elementor-widget elementor-widget-text-editor\" data-id=\"ed3751a\" data-element_type=\"widget\" data-widget_type=\"text-editor.default\">\n\t\t\t\t<div class=\"elementor-widget-container\">\n\t\t\t<style>\/*! elementor - v3.16.0 - 20-09-2023 *\/\n.elementor-widget-text-editor.elementor-drop-cap-view-stacked .elementor-drop-cap{background-color:#69727d;color:#fff}.elementor-widget-text-editor.elementor-drop-cap-view-framed .elementor-drop-cap{color:#69727d;border:3px solid;background-color:transparent}.elementor-widget-text-editor:not(.elementor-drop-cap-view-default) .elementor-drop-cap{margin-top:8px}.elementor-widget-text-editor:not(.elementor-drop-cap-view-default) .elementor-drop-cap-letter{width:1em;height:1em}.elementor-widget-text-editor .elementor-drop-cap{float:left;text-align:center;line-height:1;font-size:50px}.elementor-widget-text-editor .elementor-drop-cap-letter{display:inline-block}<\/style>\t\t\t\t<p><a href=\"https:\/\/ofycumi.com\/wp-content\/uploads\/2024\/02\/CONVENIO-FIRMADO-COMARCAOFYCUMI-SEDE-ELEC.pdf\"><strong>Convenio entre Comarca Cuencas Mineras y Ofycumi para la gesti\u00f3n de la Gerencia del Plan de Sostenibilidad Tur\u00edstica en Destino.<\/strong><\/a><\/p>\t\t\t\t\t\t<\/div>\n\t\t\t\t<\/div>\n\t\t\t\t\t<\/div>\n\t\t\t\t<\/div>\n\t\t\t\t<\/div>\n\t\t<div class=\"elementor-element elementor-element-50a440d e-con-full e-flex e-con e-child\" data-id=\"50a440d\" data-element_type=\"container\" data-settings=\"{&quot;content_width&quot;:&quot;full&quot;}\">\n\t\t\t\t<div class=\"elementor-element elementor-element-3678d92 elementor-widget elementor-widget-image\" data-id=\"3678d92\" data-element_type=\"widget\" data-widget_type=\"image.default\">\n\t\t\t\t<div class=\"elementor-widget-container\">\n\t\t\t\t\t\t\t\t\t\t\t\t\t\t\t\t<a href=\"https:\/\/ofycumi.com\/wp-content\/uploads\/2024\/07\/Captura-de-pantalla-2024-07-25-122813.png\" data-elementor-open-lightbox=\"yes\" data-elementor-lightbox-title=\"Captura de pantalla 2024-07-25 122813\" data-e-action-hash=\"#elementor-action%3Aaction%3Dlightbox%26settings%3DeyJpZCI6MTcwMSwidXJsIjoiaHR0cHM6XC9cL29meWN1bWkuY29tXC93cC1jb250ZW50XC91cGxvYWRzXC8yMDI0XC8wN1wvQ2FwdHVyYS1kZS1wYW50YWxsYS0yMDI0LTA3LTI1LTEyMjgxMy5wbmcifQ%3D%3D\">\n\t\t\t\t\t\t\t<img loading=\"lazy\" decoding=\"async\" width=\"788\" height=\"856\" src=\"https:\/\/ofycumi.com\/wp-content\/uploads\/2024\/07\/Captura-de-pantalla-2024-07-25-122813.png\" class=\"attachment-large size-large wp-image-1701\" alt=\"\" srcset=\"https:\/\/ofycumi.com\/wp-content\/uploads\/2024\/07\/Captura-de-pantalla-2024-07-25-122813.png 788w, https:\/\/ofycumi.com\/wp-content\/uploads\/2024\/07\/Captura-de-pantalla-2024-07-25-122813-276x300.png 276w, https:\/\/ofycumi.com\/wp-content\/uploads\/2024\/07\/Captura-de-pantalla-2024-07-25-122813-768x834.png 768w\" sizes=\"auto, (max-width: 788px) 100vw, 788px\" \/>\t\t\t\t\t\t\t\t<\/a>\n\t\t\t\t\t\t\t\t\t\t\t\t\t\t\t<\/div>\n\t\t\t\t<\/div>\n\t\t<div class=\"elementor-element elementor-element-da3a037 e-flex e-con-boxed e-con e-child\" data-id=\"da3a037\" data-element_type=\"container\" data-settings=\"{&quot;content_width&quot;:&quot;boxed&quot;}\">\n\t\t\t\t\t<div class=\"e-con-inner\">\n\t\t\t\t<div class=\"elementor-element elementor-element-e1060e1 elementor-widget elementor-widget-text-editor\" data-id=\"e1060e1\" data-element_type=\"widget\" data-widget_type=\"text-editor.default\">\n\t\t\t\t<div class=\"elementor-widget-container\">\n\t\t\t\t\t\t\t<p><a href=\"https:\/\/ofycumi.com\/wp-content\/uploads\/2024\/07\/CONDICIONES-PARA-EL-SUMINISTRO-DE-LIBROS-CON-LOS-QUE-OFYCUMI-LLEVARA-A-CABO-EL-PROYECTO_signed.pdf\">Bases para la contrataci\u00f3n de suministro de libros para el fomento de la lectura en Cuencas Mineras<\/a><\/p>\t\t\t\t\t\t<\/div>\n\t\t\t\t<\/div>\n\t\t\t\t\t<\/div>\n\t\t\t\t<\/div>\n\t\t\t\t<\/div>\n\t\t<div class=\"elementor-element elementor-element-b8a454f e-con-full e-flex e-con e-child\" data-id=\"b8a454f\" data-element_type=\"container\" data-settings=\"{&quot;content_width&quot;:&quot;full&quot;}\">\n\t\t\t\t<\/div>\n\t\t<div class=\"elementor-element elementor-element-b4014e1 e-con-full e-flex e-con e-child\" data-id=\"b4014e1\" data-element_type=\"container\" data-settings=\"{&quot;content_width&quot;:&quot;full&quot;}\">\n\t\t\t\t<\/div>\n\t\t\t\t\t<\/div>\n\t\t\t\t<\/div>\n\t\t\t\t\t\t\t<\/div>\n\t\t","protected":false},"excerpt":{"rendered":"<p>Convenio entre Comarca Cuencas Mineras y Ofycumi para la gesti\u00f3n de la Gerencia del Plan de Sostenibilidad Tur\u00edstica en Destino. Bases para la contrataci\u00f3n de suministro de libros para el fomento de la lectura en Cuencas Mineras<\/p>\n","protected":false},"author":1,"featured_media":0,"parent":0,"menu_order":0,"comment_status":"closed","ping_status":"closed","template":"","meta":{"footnotes":""},"class_list":["post-669","page","type-page","status-publish","hentry"],"_links":{"self":[{"href":"https:\/\/ofycumi.com\/index.php\/wp-json\/wp\/v2\/pages\/669","targetHints":{"allow":["GET"]}}],"collection":[{"href":"https:\/\/ofycumi.com\/index.php\/wp-json\/wp\/v2\/pages"}],"about":[{"href":"https:\/\/ofycumi.com\/index.php\/wp-json\/wp\/v2\/types\/page"}],"author":[{"embeddable":true,"href":"https:\/\/ofycumi.com\/index.php\/wp-json\/wp\/v2\/users\/1"}],"replies":[{"embeddable":true,"href":"https:\/\/ofycumi.com\/index.php\/wp-json\/wp\/v2\/comments?post=669"}],"version-history":[{"count":11,"href":"https:\/\/ofycumi.com\/index.php\/wp-json\/wp\/v2\/pages\/669\/revisions"}],"predecessor-version":[{"id":1709,"href":"https:\/\/ofycumi.com\/index.php\/wp-json\/wp\/v2\/pages\/669\/revisions\/1709"}],"wp:attachment":[{"href":"https:\/\/ofycumi.com\/index.php\/wp-json\/wp\/v2\/media?parent=669"}],"curies":[{"name":"wp","href":"https:\/\/api.w.org\/{rel}","templated":true}]}}